{"id":209,"date":"2021-09-17T10:07:14","date_gmt":"2021-09-17T08:07:14","guid":{"rendered":"https:\/\/www.robertzueblin.com\/?page_id=209"},"modified":"2024-04-01T21:16:21","modified_gmt":"2024-04-01T19:16:21","slug":"pottery-news","status":"publish","type":"page","link":"https:\/\/www.robertzueblin.com\/en\/pottery-news\/","title":{"rendered":"Art and Pottery News"},"content":{"rendered":"<div style=\"font-family: AkkoPro-BoldCondensed\">\n<div><small>Friday, December 29, 2023<\/small><\/div>\n<p><span style=\"color: #000000;\">&bull; <\/span><a style=\"font-family: AkkoPro-BoldCondensed!important\" href=\"https:\/\/www.robertzueblin.com\/en\/pottery-news\/review-julius-bissier-and-richard-bampi-the-freiburg-ceramic-mural\/\"><strong>Review: Julius Bissier and Richard Bampi \u2013 The Freiburg Ceramic Mural<\/strong><\/a><\/p>\n<div style=\"font-family: AkkoPro-BoldCondensed\">\n<div><small>Sunday, February 5, 2023<\/small><\/div>\n<p><span style=\"color: #000000;\">&bull; <\/span><a style=\"font-family: AkkoPro-BoldCondensed!important\" href=\"https:\/\/www.robertzueblin.com\/en\/pottery-news\/otto-douglas-hill-exhibition-at-the-berlin-museum-of-ceramics-extended\/\"><strong>Otto Douglas-Hill exhibition at the Berlin Museum of Ceramics extended<\/strong><\/a><\/p>\n<div style=\"font-family: AkkoPro-BoldCondensed\">\n<div><small>Friday, October 7, 2022<\/small><\/div>\n<p><span style=\"color: #000000;\">&bull; <\/span><a style=\"font-family: AkkoPro-BoldCondensed!important\" href=\"https:\/\/www.robertzueblin.com\/en\/pottery-news\/exhibition-daniel-zuloaga-1852-1921-museo-de-bellas-artes-de-alava\/\"><strong>Exhibition Daniel Zuloaga (1852-1921) &#8211; Museo de Bellas Artes de \u00c1lava<\/strong><\/a><\/p>\n<div><small>Saturday, August 6, 2022<\/small><\/div>\n<p><span style=\"color: #000000;\">&bull; <\/span><a style=\"font-family: AkkoPro-BoldCondensed!important\" href=\"https:\/\/www.robertzueblin.com\/en\/pottery-news\/gertraud-moehwald-ceramics-in-exhibition-at-ceramics-museum-westerwald\/\"><strong>Gertraud M\u00f6hwald Ceramics in Exhibition at Ceramics Museum Westerwald<\/strong><\/a><\/p>\n<div><small>Monday, June 13, 2022<\/small><\/div>\n<p><span style=\"color: #000000;\">&bull; <\/span><a style=\"font-family: AkkoPro-BoldCondensed!important\" href=\"https:\/\/www.robertzueblin.com\/en\/pottery-news\/beate-kuhn-ceramics-exhibition-at-keramion\/\"><strong>Beate Kuhn \u2013 Ceramics exhibition at Keramion<\/strong><\/a><\/p>\n<div><small>Tuesday, December 14, 2021<\/small><\/div>\n<p><span style=\"color: #000000;\">&bull; <\/span><a style=\"font-family: AkkoPro-BoldCondensed!important\" href=\"https:\/\/www.robertzueblin.com\/en\/pottery-news\/exhibition-gdr-pottery-gerhard-doelz-gerda-koerting-karl-juettner\"><strong>Exhibition GDR-Pottery: Gerhard D\u00f6lz, Gerda K\u00f6rting, Karl J\u00fcttner<\/strong><\/a><\/p>\n<div><small>Sunday, September 26, 2021<\/small><\/div>\n<p><span style=\"color: #000000;\">&bull; <\/span><a style=\"font-family: AkkoPro-BoldCondensed!important\" href=\"https:\/\/www.robertzueblin.com\/en\/pottery-news\/pottery-exhibition-otto-meier-gefaesse-extended-until-march-6-2022\"><strong>Pottery exhibition \u201cOtto Meier: Gef\u00e4\u00dfe\u201d extended until March 6, 2022<\/strong><\/a><\/p>\n<div>&nbsp;<\/div>\n<\/div>\n","protected":false},"excerpt":{"rendered":"<p>Friday, December 29, 2023 &bull; Review: Julius Bissier and Richard Bampi \u2013 The Freiburg Ceramic Mural Sunday, February 5, 2023 &bull; Otto Douglas-Hill exhibition at the Berlin Museum of Ceramics extended Friday, October 7, 2022 &bull; Exhibition Daniel Zuloaga (1852-1921) &#8211; Museo de Bellas Artes de \u00c1lava Saturday, August 6, 2022 &bull; Gertraud M\u00f6hwald Ceramics [&hellip;]<\/p>\n","protected":false},"author":1,"featured_media":0,"parent":0,"menu_order":0,"comment_status":"closed","ping_status":"closed","template":"","meta":{"footnotes":""},"class_list":["post-209","page","type-page","status-publish","hentry"],"yoast_head":"<!-- This site is optimized with the Yoast SEO plugin v27.4 - https:\/\/yoast.com\/product\/yoast-seo-wordpress\/ -->\n<title>Art and Pottery News<\/title>\n<meta name=\"description\" content=\"At Art and Pottery News you will find news about art, ceramics, studio pottery, art pottery - articles about art and ceramic exhibitions.\" \/>\n<meta name=\"robots\" content=\"index, follow, max-snippet:-1, max-image-preview:large, max-video-preview:-1\" \/>\n<link rel=\"canonical\" href=\"https:\/\/www.robertzueblin.com\/en\/pottery-news\/\" \/>\n<meta property=\"og:locale\" content=\"en_US\" \/>\n<meta property=\"og:type\" content=\"article\" \/>\n<meta property=\"og:title\" content=\"Art and Pottery News\" \/>\n<meta property=\"og:description\" content=\"At Art and Pottery News you will find news about art, ceramics, studio pottery, art pottery - articles about art and ceramic exhibitions.\" \/>\n<meta property=\"og:url\" content=\"https:\/\/www.robertzueblin.com\/en\/pottery-news\/\" \/>\n<meta property=\"og:site_name\" content=\"ROBERT Z\u00dcBLIN\" \/>\n<meta property=\"article:modified_time\" content=\"2024-04-01T19:16:21+00:00\" \/>\n<meta name=\"twitter:card\" content=\"summary_large_image\" \/>\n<script type=\"application\/ld+json\" class=\"yoast-schema-graph\">{\"@context\":\"https:\\\/\\\/schema.org\",\"@graph\":[{\"@type\":\"WebPage\",\"@id\":\"https:\\\/\\\/www.robertzueblin.com\\\/en\\\/pottery-news\\\/\",\"url\":\"https:\\\/\\\/www.robertzueblin.com\\\/en\\\/pottery-news\\\/\",\"name\":\"Art and Pottery News\",\"isPartOf\":{\"@id\":\"https:\\\/\\\/www.robertzueblin.com\\\/en\\\/#website\"},\"datePublished\":\"2021-09-17T08:07:14+00:00\",\"dateModified\":\"2024-04-01T19:16:21+00:00\",\"description\":\"At Art and Pottery News you will find news about art, ceramics, studio pottery, art pottery - articles about art and ceramic exhibitions.\",\"breadcrumb\":{\"@id\":\"https:\\\/\\\/www.robertzueblin.com\\\/en\\\/pottery-news\\\/#breadcrumb\"},\"inLanguage\":\"en-US\",\"potentialAction\":[{\"@type\":\"ReadAction\",\"target\":[\"https:\\\/\\\/www.robertzueblin.com\\\/en\\\/pottery-news\\\/\"]}]},{\"@type\":\"BreadcrumbList\",\"@id\":\"https:\\\/\\\/www.robertzueblin.com\\\/en\\\/pottery-news\\\/#breadcrumb\",\"itemListElement\":[{\"@type\":\"ListItem\",\"position\":1,\"name\":\"Startseite\",\"item\":\"https:\\\/\\\/www.robertzueblin.com\\\/en\\\/\"},{\"@type\":\"ListItem\",\"position\":2,\"name\":\"Art and Pottery News\"}]},{\"@type\":\"WebSite\",\"@id\":\"https:\\\/\\\/www.robertzueblin.com\\\/en\\\/#website\",\"url\":\"https:\\\/\\\/www.robertzueblin.com\\\/en\\\/\",\"name\":\"ROBERT Z\u00dcBLIN\",\"description\":\"\",\"publisher\":{\"@id\":\"https:\\\/\\\/www.robertzueblin.com\\\/en\\\/#organization\"},\"potentialAction\":[{\"@type\":\"SearchAction\",\"target\":{\"@type\":\"EntryPoint\",\"urlTemplate\":\"https:\\\/\\\/www.robertzueblin.com\\\/en\\\/?s={search_term_string}\"},\"query-input\":{\"@type\":\"PropertyValueSpecification\",\"valueRequired\":true,\"valueName\":\"search_term_string\"}}],\"inLanguage\":\"en-US\"},{\"@type\":\"Organization\",\"@id\":\"https:\\\/\\\/www.robertzueblin.com\\\/en\\\/#organization\",\"name\":\"ROBERT Z\u00dcBLIN\",\"url\":\"https:\\\/\\\/www.robertzueblin.com\\\/en\\\/\",\"logo\":{\"@type\":\"ImageObject\",\"inLanguage\":\"en-US\",\"@id\":\"https:\\\/\\\/www.robertzueblin.com\\\/en\\\/#\\\/schema\\\/logo\\\/image\\\/\",\"url\":\"https:\\\/\\\/www.robertzueblin.com\\\/wp-content\\\/uploads\\\/cropped-cropped-logo-von-robert-zueblin.jpg\",\"contentUrl\":\"https:\\\/\\\/www.robertzueblin.com\\\/wp-content\\\/uploads\\\/cropped-cropped-logo-von-robert-zueblin.jpg\",\"width\":440,\"height\":60,\"caption\":\"ROBERT Z\u00dcBLIN\"},\"image\":{\"@id\":\"https:\\\/\\\/www.robertzueblin.com\\\/en\\\/#\\\/schema\\\/logo\\\/image\\\/\"}}]}<\/script>\n<!-- \/ Yoast SEO plugin. -->","yoast_head_json":{"title":"Art and Pottery News","description":"At Art and Pottery News you will find news about art, ceramics, studio pottery, art pottery - articles about art and ceramic exhibitions.","robots":{"index":"index","follow":"follow","max-snippet":"max-snippet:-1","max-image-preview":"max-image-preview:large","max-video-preview":"max-video-preview:-1"},"canonical":"https:\/\/www.robertzueblin.com\/en\/pottery-news\/","og_locale":"en_US","og_type":"article","og_title":"Art and Pottery News","og_description":"At Art and Pottery News you will find news about art, ceramics, studio pottery, art pottery - articles about art and ceramic exhibitions.","og_url":"https:\/\/www.robertzueblin.com\/en\/pottery-news\/","og_site_name":"ROBERT Z\u00dcBLIN","article_modified_time":"2024-04-01T19:16:21+00:00","twitter_card":"summary_large_image","schema":{"@context":"https:\/\/schema.org","@graph":[{"@type":"WebPage","@id":"https:\/\/www.robertzueblin.com\/en\/pottery-news\/","url":"https:\/\/www.robertzueblin.com\/en\/pottery-news\/","name":"Art and Pottery News","isPartOf":{"@id":"https:\/\/www.robertzueblin.com\/en\/#website"},"datePublished":"2021-09-17T08:07:14+00:00","dateModified":"2024-04-01T19:16:21+00:00","description":"At Art and Pottery News you will find news about art, ceramics, studio pottery, art pottery - articles about art and ceramic exhibitions.","breadcrumb":{"@id":"https:\/\/www.robertzueblin.com\/en\/pottery-news\/#breadcrumb"},"inLanguage":"en-US","potentialAction":[{"@type":"ReadAction","target":["https:\/\/www.robertzueblin.com\/en\/pottery-news\/"]}]},{"@type":"BreadcrumbList","@id":"https:\/\/www.robertzueblin.com\/en\/pottery-news\/#breadcrumb","itemListElement":[{"@type":"ListItem","position":1,"name":"Startseite","item":"https:\/\/www.robertzueblin.com\/en\/"},{"@type":"ListItem","position":2,"name":"Art and Pottery News"}]},{"@type":"WebSite","@id":"https:\/\/www.robertzueblin.com\/en\/#website","url":"https:\/\/www.robertzueblin.com\/en\/","name":"ROBERT Z\u00dcBLIN","description":"","publisher":{"@id":"https:\/\/www.robertzueblin.com\/en\/#organization"},"potentialAction":[{"@type":"SearchAction","target":{"@type":"EntryPoint","urlTemplate":"https:\/\/www.robertzueblin.com\/en\/?s={search_term_string}"},"query-input":{"@type":"PropertyValueSpecification","valueRequired":true,"valueName":"search_term_string"}}],"inLanguage":"en-US"},{"@type":"Organization","@id":"https:\/\/www.robertzueblin.com\/en\/#organization","name":"ROBERT Z\u00dcBLIN","url":"https:\/\/www.robertzueblin.com\/en\/","logo":{"@type":"ImageObject","inLanguage":"en-US","@id":"https:\/\/www.robertzueblin.com\/en\/#\/schema\/logo\/image\/","url":"https:\/\/www.robertzueblin.com\/wp-content\/uploads\/cropped-cropped-logo-von-robert-zueblin.jpg","contentUrl":"https:\/\/www.robertzueblin.com\/wp-content\/uploads\/cropped-cropped-logo-von-robert-zueblin.jpg","width":440,"height":60,"caption":"ROBERT Z\u00dcBLIN"},"image":{"@id":"https:\/\/www.robertzueblin.com\/en\/#\/schema\/logo\/image\/"}}]}},"_links":{"self":[{"href":"https:\/\/www.robertzueblin.com\/en\/wp-json\/wp\/v2\/pages\/209","targetHints":{"allow":["GET"]}}],"collection":[{"href":"https:\/\/www.robertzueblin.com\/en\/wp-json\/wp\/v2\/pages"}],"about":[{"href":"https:\/\/www.robertzueblin.com\/en\/wp-json\/wp\/v2\/types\/page"}],"author":[{"embeddable":true,"href":"https:\/\/www.robertzueblin.com\/en\/wp-json\/wp\/v2\/users\/1"}],"replies":[{"embeddable":true,"href":"https:\/\/www.robertzueblin.com\/en\/wp-json\/wp\/v2\/comments?post=209"}],"version-history":[{"count":17,"href":"https:\/\/www.robertzueblin.com\/en\/wp-json\/wp\/v2\/pages\/209\/revisions"}],"predecessor-version":[{"id":37566,"href":"https:\/\/www.robertzueblin.com\/en\/wp-json\/wp\/v2\/pages\/209\/revisions\/37566"}],"wp:attachment":[{"href":"https:\/\/www.robertzueblin.com\/en\/wp-json\/wp\/v2\/media?parent=209"}],"curies":[{"name":"wp","href":"https:\/\/api.w.org\/{rel}","templated":true}]}}